{"id":4019,"date":"2012-01-30T04:49:04","date_gmt":"2012-01-30T04:49:04","guid":{"rendered":"https:\/\/a60047bb09.nxcli.io\/?page_id=4019"},"modified":"2025-04-08T21:35:01","modified_gmt":"2025-04-09T02:35:01","slug":"biography","status":"publish","type":"page","link":"http:\/\/inestemple.com\/es\/biography\/","title":{"rendered":"Biograf\u00eda"},"content":{"rendered":"<p><img loading=\"lazy\" decoding=\"async\" class=\"wp-image-17468 alignright\" src=\"https:\/\/InesTemple.com\/wp-content\/uploads\/2023\/03\/6d7a1992-2.jpg\" alt=\"\" width=\"391\" height=\"587\" srcset=\"https:\/\/inestemple.com\/wp-content\/uploads\/2023\/03\/6d7a1992-2.jpg 533w, https:\/\/inestemple.com\/wp-content\/uploads\/2023\/03\/6d7a1992-2-200x300.jpg 200w\" sizes=\"auto, (max-width: 391px) 100vw, 391px\" \/><\/p>\n<p class=\"\" data-start=\"322\" data-end=\"417\"><strong data-start=\"322\" data-end=\"417\">Presidente<\/strong> del directorio de LHH DBM Per\u00fa y de LHH Chile. Tambi\u00e9n de The SafeStorage Co.<\/p>\n<p class=\"\" data-start=\"419\" data-end=\"540\"><strong data-start=\"419\" data-end=\"439\">Directora de:<\/strong> Apoyo Comunicaci\u00f3n, Liga Contra el C\u00e1ncer, Empresarios por la Integridad, and Peruanos por Peruanos.<\/p>\n<p class=\"\" data-start=\"542\" data-end=\"730\">Es tambi\u00e9n Presidente del Consejo Consultivo Internacional de Centrum Cat\u00f3lica y Presidente IWF Per\u00fa. Miembro de EsHoy; de L+1; WCD Women Corporate Directors; Transparencia; WMF y YPO.<\/p>\n<p class=\"\" data-start=\"732\" data-end=\"865\">Fue Presidente de CARE Per\u00fa, de Per\u00fa Sostenible (antes Per\u00fa 2021), de Owit Per\u00fa y vicepresidente de Amcham.<\/p>\n<p class=\"\" data-start=\"867\" data-end=\"1069\"><strong data-start=\"867\" data-end=\"908\">Autora del bestseller \u201cUSTED S.A.<\/strong>, con 22 ediciones, 170,000 libros vendidos. Fue el libro #1 m\u00e1s vendido en el Per\u00fa de los \u00faltimos diez a\u00f1os seg\u00fan la editorial Planeta.<\/p>\n<p class=\"\" data-start=\"1071\" data-end=\"1162\"><strong data-start=\"1071\" data-end=\"1090\">Bloomberg 2024:<\/strong><br data-start=\"1090\" data-end=\"1093\" \/>Designada como una de las \u201c500 personas m\u00e1s influyentes de Am\u00e9rica Latina 2024.\"<\/p>\n<p class=\"\" data-start=\"1164\" data-end=\"1286\"><strong data-start=\"1164\" data-end=\"1181\">Top 25 Merco:<\/strong><br data-start=\"1181\" data-end=\"1184\" \/>Reconocida por 9 a\u00f1os consecutivos entre los top 25 L\u00edderes Empresariales por Liderazgo y Reputaci\u00f3.<\/p>\n<p class=\"\" data-start=\"1288\" data-end=\"1366\"><strong data-start=\"1288\" data-end=\"1299\">Forbes:<\/strong> Incluida en la lista de las \u201cMujeres m\u00e1s Poderosas del Per\u00fa\u201d en el 2022<\/p>\n<p class=\"\" data-start=\"1368\" data-end=\"1402\"><strong data-start=\"1368\" data-end=\"1402\">LinkedIn Top Voices Latam 2019<\/strong><\/p>\n<p class=\"\" data-start=\"1404\" data-end=\"1593\">MBA <strong data-start=\"1413\" data-end=\"1439\">por Adolfo Ib\u00e1\u00f1ez<\/strong>, a <strong data-start=\"1443\" data-end=\"1480\">BS por NYU, New York Univesity<\/strong>, Programas de liderazgo en el <strong data-start=\"1523\" data-end=\"1560\">PAD, Kellogg, Georgetown, Harvard<\/strong>,y <strong data-start=\"1566\" data-end=\"1592\">Singularity<\/strong>.<\/p>\n<p>&nbsp;<\/p>\n<p><!-- ---------------------------------------------------------------------------------------------------------------------------------- --><\/p>\n<section class=\"btn\"><a class=\"boton__biografia btn__biograf-1\" href=\"https:\/\/InesTemple.com\/photos\/\"><span style=\"vertical-align: inherit;\"><span style=\"vertical-align: inherit;\">Fotos <\/span><\/span><\/a><br \/>\n<a class=\"boton__biografia btn__biograf-1\" href=\"https:\/\/InesTemple.com\/media-kit\/\"><span style=\"vertical-align: inherit;\"><span style=\"vertical-align: inherit;\">Media Kit<\/span><\/span><\/a><\/section>\n<p><!-- Reconocimientos --><\/p>\n<section class=\"reonocimientors_area\">\n<div class=\"container\">\n<div class=\"row\">\n<hr \/>\n<h2>Reconocimientos<\/h2>\n<\/div>\n<p><!-- English Language Banner --><\/p>\n<div class=\"home_books englishBanner\">\n<ul>\n<li><a href=\"https:\/\/www.inestemple.com\/es\/usted-sa\/\"><br \/>\n<img decoding=\"async\" src=\"https:\/\/www.inestemple.com\/wp-content\/uploads\/2024\/02\/spanish_banner_new17.webp\" alt=\"30 a\u00f1os liderando empresas\" \/><\/a><\/li>\n<li><a href=\"https:\/\/lhh.pe\/quienes-somos\/\"><br \/>\n<img decoding=\"async\" src=\"https:\/\/www.inestemple.com\/wp-content\/uploads\/2024\/02\/spanish-banner_new16.webp\" alt=\"Presidente de LHH DBM Peru y LHH Chile\" \/><\/a><\/li>\n<li><a href=\"https:\/\/www.inestemple.com\/es\/2024\/09\/ines-temple-es-reconocida-en-el-listado-las-500-personas-mas-influyentes-de-america-latina-2024-de-bloomberg-linea\/\"><br \/>\n<img decoding=\"async\" src=\"https:\/\/www.inestemple.com\/wp-content\/uploads\/2024\/09\/banner_bloomberenlinea_500.jpg\" alt=\"Home Book\" \/><\/a><\/li>\n<li><a href=\"https:\/\/inestemple.com\/es\/2024\/10\/ines-temple-reconocida-en-el-puesto-21-en-mercolideres-2024\/\"><br \/>\n<img decoding=\"async\" src=\"https:\/\/inestemple.com\/wp-content\/uploads\/2024\/10\/banner_05_puesto21_en.png\" alt=\"Top Ejecutivas\" \/><\/a><\/li>\n<li><a href=\"https:\/\/www.inestemple.com\/es\/2020\/11\/top-voices-2019-conoce-a-los-peruanos-mas-influyentes-de-linkedin\/\"><br \/>\n<img decoding=\"async\" src=\"https:\/\/www.inestemple.com\/wp-content\/uploads\/2024\/02\/spanish-banner_new9.webp\" alt=\"Top Voices Linkedin\" \/><\/a><\/li>\n<li><a href=\"https:\/\/www.inestemple.com\/es\/usted-sa\/exito-en-ventas\/\"><br \/>\n<img decoding=\"async\" src=\"https:\/\/www.inestemple.com\/wp-content\/uploads\/2024\/02\/spanish-banner_new11.webp\" alt=\"Exito en ventas\" \/><\/a><\/li>\n<li><a href=\"https:\/\/inestemple.com\/2024\/10\/redes-sociales-ines-temple\/\"><br \/>\n<img decoding=\"async\" src=\"https:\/\/www.inestemple.com\/wp-content\/uploads\/2024\/10\/presencia_digital_2024_es.png\" alt=\"Presencia Digital\" \/><\/a><\/li>\n<li><a href=\"https:\/\/www.inestemple.com\/es\/2022\/08\/las-50-mujeres-mas-poderosas-del-peru\/\"><br \/>\n<img decoding=\"async\" src=\"https:\/\/www.inestemple.com\/wp-content\/uploads\/2024\/02\/spanish-banner_new13.webp\" alt=\"Mujeres Poderosas Per\u00fa\" \/><\/a><\/li>\n<li><a href=\"https:\/\/www.inestemple.com\/es\/2021\/11\/ser-lider-en-tiempos-de-crisis-presentamos-el-top-ceo-digital-peru-2021\"><br \/>\n<img decoding=\"async\" src=\"https:\/\/www.inestemple.com\/wp-content\/uploads\/2024\/02\/spanish-banner_new8.webp\" alt=\"Top CEO Digital Peru\" \/><\/a><\/li>\n<li><a href=\"https:\/\/www.inestemple.com\/es\/2020\/10\/las-peruanas-bandera-de-la-economia\/\"><br \/>\n<img decoding=\"async\" src=\"https:\/\/www.inestemple.com\/wp-content\/uploads\/2024\/02\/spanish-banner_new10.webp\" alt=\"Lider Empresarial\" \/><\/a><\/li>\n<li><a href=\"https:\/\/inestemple.com\/es\/2023\/03\/ranking-forbes-estas-son-las-10-mujeres-mas-poderosas-de-peru-en-linkedin\/\"><br \/>\n<img decoding=\"async\" src=\"https:\/\/www.inestemple.com\/wp-content\/uploads\/2024\/02\/spanish-banner_new15.webp\" alt=\"Mujeres Poderosas del Per\u00fa\" \/><\/a><\/li>\n<li><a href=\"https:\/\/www.inestemple.com\/es\/2020\/09\/estos-son-los-ejecutivos-que-lideran-el-ranking-de-influencers-de-recursos-humanos-en-el-pais\/\"><br \/>\n<img decoding=\"async\" src=\"https:\/\/www.inestemple.com\/wp-content\/uploads\/2024\/02\/spanish-banner_new7.webp\" alt=\"Influencers Recursos Humanos\" \/><\/a><\/li>\n<li><a href=\"https:\/\/inestemple.com\/es\/2024\/03\/ines-temple-reconocida-como-4-en-el-ranking-ejecutiva-digital-referentes-2024-de-cafe-taipa\/\"><br \/>\n<img decoding=\"async\" src=\"https:\/\/inestemple.com\/wp-content\/uploads\/2024\/10\/banner_05_puesto21_es.png\" alt=\"Top Ejecutiva Digital Peru\" \/><\/a><\/li>\n<li><a href=\"https:\/\/inestemple.com\/es\/2023\/02\/ines-temple-en-el-top-g-ejecutivas-2021\/\"><br \/>\n<img decoding=\"async\" src=\"https:\/\/www.inestemple.com\/wp-content\/uploads\/2024\/02\/spanish-banner_new6.webp\" alt=\"Merco Lideres\" \/><\/a><\/li>\n<li><a href=\"https:\/\/www.inestemple.com\/es\/2020\/11\/podios-digitales-ines-temple-en-el-top-3-de-perfiles-profesionales-mas-digitales\"><br \/>\n<img decoding=\"async\" src=\"https:\/\/www.inestemple.com\/wp-content\/uploads\/2024\/02\/spanish_banner_new5.webp\" alt=\"Ranking CEO Digital\" \/><\/a><\/li>\n<li><a href=\"https:\/\/inestemple.com\/es\/2023\/03\/ranking-forbes-estas-son-las-10-mujeres-mas-poderosas-de-peru-en-linkedin\/\"><br \/>\n<img decoding=\"async\" src=\"https:\/\/www.inestemple.com\/wp-content\/uploads\/2024\/02\/spanish_banner_new4.webp\" alt=\"Women CEO Peru\" \/><\/a><\/li>\n<li><a href=\"https:\/\/inestemple.com\/es\/2018\/03\/ines-temple-recibio-premio-star-thrower-de-lhh-por-su-contribucion-a-la-comunidad\/\"><br \/>\n<img decoding=\"async\" src=\"https:\/\/www.inestemple.com\/wp-content\/uploads\/2024\/02\/spanish_banner_new2.webp\" alt=\"Star Thrower Award 2018\" \/><\/a><\/li>\n<li><a href=\"https:\/\/inestemple.com\/2023\/12\/ines-temple-en-el-puesto-69-del-top-200-creators-linkedin-hispanic-latin-america-realizado-por-favicon\/\"><br \/>\n<img decoding=\"async\" src=\"https:\/\/inestemple.com\/wp-content\/uploads\/2024\/10\/banner_18_top200_es.png\" alt=\"Reconocida en el top 200\" \/><\/a><\/li>\n<\/ul>\n<\/div>\n<\/div>\n<\/section>","protected":false},"excerpt":{"rendered":"<p>President of the Board of LHH DBM Per\u00fa and LHH Chile. Also President of The SafeStorage [&hellip;]<\/p>","protected":false},"author":10,"featured_media":19553,"parent":0,"menu_order":0,"comment_status":"open","ping_status":"closed","template":"","meta":{"footnotes":""},"class_list":["post-4019","page","type-page","status-publish","has-post-thumbnail","hentry"],"acf":[],"_links":{"self":[{"href":"http:\/\/inestemple.com\/es\/wp-json\/wp\/v2\/pages\/4019","targetHints":{"allow":["GET"]}}],"collection":[{"href":"http:\/\/inestemple.com\/es\/wp-json\/wp\/v2\/pages"}],"about":[{"href":"http:\/\/inestemple.com\/es\/wp-json\/wp\/v2\/types\/page"}],"author":[{"embeddable":true,"href":"http:\/\/inestemple.com\/es\/wp-json\/wp\/v2\/users\/10"}],"replies":[{"embeddable":true,"href":"http:\/\/inestemple.com\/es\/wp-json\/wp\/v2\/comments?post=4019"}],"version-history":[{"count":100,"href":"http:\/\/inestemple.com\/es\/wp-json\/wp\/v2\/pages\/4019\/revisions"}],"predecessor-version":[{"id":20891,"href":"http:\/\/inestemple.com\/es\/wp-json\/wp\/v2\/pages\/4019\/revisions\/20891"}],"wp:featuredmedia":[{"embeddable":true,"href":"http:\/\/inestemple.com\/es\/wp-json\/wp\/v2\/media\/19553"}],"wp:attachment":[{"href":"http:\/\/inestemple.com\/es\/wp-json\/wp\/v2\/media?parent=4019"}],"curies":[{"name":"wp","href":"https:\/\/api.w.org\/{rel}","templated":true}]}}