{"id":4019,"date":"2012-01-30T04:49:04","date_gmt":"2012-01-30T04:49:04","guid":{"rendered":"https:\/\/a60047bb09.nxcli.io\/?page_id=4019"},"modified":"2026-05-15T15:20:29","modified_gmt":"2026-05-15T20:20:29","slug":"biography","status":"publish","type":"page","link":"https:\/\/inestemple.com\/en\/biography\/","title":{"rendered":"Biography"},"content":{"rendered":"<p><img decoding=\"async\" class=\"wp-image-17468 alignright\" src=\"https:\/\/InesTemple.com\/wp-content\/uploads\/2023\/03\/6d7a1992-2.jpg\" alt=\"\" width=\"391\" height=\"587\" srcset=\"https:\/\/inestemple.com\/wp-content\/uploads\/2023\/03\/6d7a1992-2.jpg 533w, https:\/\/inestemple.com\/wp-content\/uploads\/2023\/03\/6d7a1992-2-200x300.jpg 200w\" sizes=\"(max-width: 391px) 100vw, 391px\" \/><\/p>\n<p class=\"\" data-start=\"322\" data-end=\"417\"><strong data-start=\"322\" data-end=\"417\">President<\/strong> of the Board of LHH DBM Per\u00fa and LHH Chile. Also President of The SafeStorage Co.<\/p>\n<p class=\"\" data-start=\"419\" data-end=\"540\"><strong data-start=\"419\" data-end=\"439\">Board Member of:<\/strong> Apoyo Comunicaci\u00f3n, Liga Contra el C\u00e1ncer, Empresarios por la Integridad, and Peruanos por Peruanos.<\/p>\n<p class=\"\" data-start=\"542\" data-end=\"730\">She is also President of the International Advisory Board at Centrum Cat\u00f3lica and President of IWF Peru. Member of EsHoy, L+1, WCD (Women Corporate Directors), Transparencia, WMF, and YPO.<\/p>\n<p class=\"\" data-start=\"732\" data-end=\"865\">Former President of CARE Per\u00fa, Per\u00fa Sostenible (formerly Per\u00fa 2021), and OWIT Per\u00fa, and served as Vice President of AmCham.<\/p>\n<p class=\"\" data-start=\"867\" data-end=\"1069\"><strong data-start=\"867\" data-end=\"908\">Author of the bestseller \u201cUSTED S.A.\u201d<\/strong>, with 22 editions and over 170,000 copies sold. It was ranked as the #1 bestselling book in Peru over the last ten years, according to Planeta publishing house.<\/p>\n<p class=\"\" data-start=\"1071\" data-end=\"1162\"><strong data-start=\"1071\" data-end=\"1090\">Bloomberg 2024:<\/strong><br data-start=\"1090\" data-end=\"1093\" \/>Named one of the &#8220;500 Most Influential People in Latin America 2024.&#8221;<\/p>\n<p class=\"\" data-start=\"1164\" data-end=\"1286\"><strong data-start=\"1164\" data-end=\"1181\">Top 25 Merco:<\/strong><br data-start=\"1181\" data-end=\"1184\" \/>Recognized for nine consecutive years among the Top 25 Business Leaders for Leadership and Reputation.<\/p>\n<p class=\"\" data-start=\"1288\" data-end=\"1366\"><strong data-start=\"1288\" data-end=\"1299\">Forbes:<\/strong> Included in the list of &#8220;The Most Powerful Women in Peru&#8221; in 2022.<\/p>\n<p class=\"\" data-start=\"1368\" data-end=\"1402\"><strong data-start=\"1368\" data-end=\"1402\">LinkedIn Top Voices Latam 2019<\/strong><\/p>\n<p class=\"\" data-start=\"1404\" data-end=\"1593\">Holds an <strong data-start=\"1413\" data-end=\"1439\">MBA from Adolfo Ib\u00e1\u00f1ez<\/strong>, a <strong data-start=\"1443\" data-end=\"1480\">BS from NYU \u2013 New York University<\/strong>, and has completed leadership programs at <strong data-start=\"1523\" data-end=\"1560\">PAD, Kellogg, Georgetown, Harvard<\/strong>, and <strong data-start=\"1566\" data-end=\"1592\">Singularity University<\/strong>.<\/p>\n<p>&nbsp;<\/p>\n<p><!-- ---------------------------------------------------------------------------------------------------------------------------------- --><\/p>\n<section class=\"btn\"><a class=\"boton__biografia btn__biograf-1\" href=\"https:\/\/InesTemple.com\/photos\/\"><span style=\"vertical-align: inherit;\"><span style=\"vertical-align: inherit;\">Photos <\/span><\/span><\/a><br \/>\n<a class=\"boton__biografia btn__biograf-1\" href=\"https:\/\/InesTemple.com\/media-kit\/\"><span style=\"vertical-align: inherit;\"><span style=\"vertical-align: inherit;\">Media Kit<\/span><\/span><\/a><\/section>\n<p><!-- Reconocimientos --><\/p>\n<section class=\"reonocimientors_area\">\n<div class=\"container\">\n<div class=\"row\">\n<hr \/>\n<h2>Recognitions<\/h2>\n<\/div>\n<p><!-- English Language Banner --><\/p>\n<div class=\"home_books englishBanner\">\n<ul>\n<li><a href=\"https:\/\/inestemple.com\/es\/usted-sa\/\"><img decoding=\"async\" class=\"alignnone wp-image-19646 size-full\" src=\"https:\/\/inestemple.com\/wp-content\/uploads\/2024\/02\/spanish_banner_new17.webp\" alt=\"\" width=\"700\" height=\"260\" srcset=\"https:\/\/inestemple.com\/wp-content\/uploads\/2024\/02\/spanish_banner_new17.webp 700w, https:\/\/inestemple.com\/wp-content\/uploads\/2024\/02\/spanish_banner_new17-300x111.webp 300w, https:\/\/inestemple.com\/wp-content\/uploads\/2024\/02\/spanish_banner_new17-18x7.webp 18w\" sizes=\"(max-width: 700px) 100vw, 700px\" \/><\/a><\/li>\n<li><a href=\"https:\/\/lhh.pe\/quienes-somos\/\"><img decoding=\"async\" class=\"alignnone wp-image-19657 size-full\" src=\"https:\/\/inestemple.com\/wp-content\/uploads\/2024\/02\/spanish-banner_new16.webp\" alt=\"Presidente de LHH DBM Peru y LHH Chile\" width=\"700\" height=\"260\" srcset=\"https:\/\/inestemple.com\/wp-content\/uploads\/2024\/02\/spanish-banner_new16.webp 700w, https:\/\/inestemple.com\/wp-content\/uploads\/2024\/02\/spanish-banner_new16-300x111.webp 300w, https:\/\/inestemple.com\/wp-content\/uploads\/2024\/02\/spanish-banner_new16-18x7.webp 18w\" sizes=\"(max-width: 700px) 100vw, 700px\" \/><\/a><\/li>\n<li><a href=\"inestemple.com\/es\/2024\/09\/ines-temple-es-reconocida-en-el-listado-las-500-personas-mas-influyentes-de-america-latina-2024-de-bloomberg-linea\/\"><img decoding=\"async\" class=\"alignnone wp-image-20110 size-large\" src=\"https:\/\/inestemple.com\/wp-content\/uploads\/2024\/09\/banner_bloomberenlinea_500-1024x384.jpg\" alt=\"Home Book\" width=\"1024\" height=\"384\" srcset=\"https:\/\/inestemple.com\/wp-content\/uploads\/2024\/09\/banner_bloomberenlinea_500-1024x384.jpg 1024w, https:\/\/inestemple.com\/wp-content\/uploads\/2024\/09\/banner_bloomberenlinea_500-300x113.jpg 300w, https:\/\/inestemple.com\/wp-content\/uploads\/2024\/09\/banner_bloomberenlinea_500-768x288.jpg 768w, https:\/\/inestemple.com\/wp-content\/uploads\/2024\/09\/banner_bloomberenlinea_500-1536x576.jpg 1536w, https:\/\/inestemple.com\/wp-content\/uploads\/2024\/09\/banner_bloomberenlinea_500-18x7.jpg 18w, https:\/\/inestemple.com\/wp-content\/uploads\/2024\/09\/banner_bloomberenlinea_500.jpg 1920w\" sizes=\"(max-width: 1024px) 100vw, 1024px\" \/><\/a><\/li>\n<li><a href=\"https:\/\/inestemple.com\/es\/2024\/10\/ines-temple-reconocida-en-el-puesto-21-en-mercolideres-2024\/\"><img decoding=\"async\" src=\"https:\/\/inestemple.com\/wp-content\/uploads\/2024\/10\/banner_05_puesto21_en.png\" alt=\"Top Ejecutivas\" \/><\/a><\/li>\n<li><a href=\"inestemple.com\/es\/2020\/11\/top-voices-2019-conoce-a-los-peruanos-mas-influyentes-de-linkedin\/\"><img decoding=\"async\" class=\"alignnone wp-image-19650 size-full\" src=\"https:\/\/inestemple.com\/wp-content\/uploads\/2024\/02\/spanish-banner_new9.webp\" alt=\"Top Voices Linkedin\" width=\"700\" height=\"260\" srcset=\"https:\/\/inestemple.com\/wp-content\/uploads\/2024\/02\/spanish-banner_new9.webp 700w, https:\/\/inestemple.com\/wp-content\/uploads\/2024\/02\/spanish-banner_new9-300x111.webp 300w, https:\/\/inestemple.com\/wp-content\/uploads\/2024\/02\/spanish-banner_new9-18x7.webp 18w\" sizes=\"(max-width: 700px) 100vw, 700px\" \/><\/a><\/li>\n<li><a href=\"inestemple.com\/es\/usted-sa\/\"><img decoding=\"async\" class=\"alignnone wp-image-19652 size-full\" src=\"https:\/\/inestemple.com\/wp-content\/uploads\/2024\/02\/spanish-banner_new11.webp\" alt=\"Exito en ventas\" width=\"700\" height=\"260\" srcset=\"https:\/\/inestemple.com\/wp-content\/uploads\/2024\/02\/spanish-banner_new11.webp 700w, https:\/\/inestemple.com\/wp-content\/uploads\/2024\/02\/spanish-banner_new11-300x111.webp 300w, https:\/\/inestemple.com\/wp-content\/uploads\/2024\/02\/spanish-banner_new11-18x7.webp 18w\" sizes=\"(max-width: 700px) 100vw, 700px\" \/><\/a><\/li>\n<li><a href=\"https:\/\/inestemple.com\/2024\/10\/redes-sociales-ines-temple\/\"><img decoding=\"async\" class=\"alignnone wp-image-20163 size-large\" src=\"https:\/\/inestemple.com\/wp-content\/uploads\/2024\/10\/presencia_digital_2024_es-1024x412.png\" alt=\"Presencia Digital\" width=\"1024\" height=\"412\" srcset=\"https:\/\/inestemple.com\/wp-content\/uploads\/2024\/10\/presencia_digital_2024_es-1024x412.png 1024w, https:\/\/inestemple.com\/wp-content\/uploads\/2024\/10\/presencia_digital_2024_es-300x121.png 300w, https:\/\/inestemple.com\/wp-content\/uploads\/2024\/10\/presencia_digital_2024_es-768x309.png 768w, https:\/\/inestemple.com\/wp-content\/uploads\/2024\/10\/presencia_digital_2024_es-18x7.png 18w, https:\/\/inestemple.com\/wp-content\/uploads\/2024\/10\/presencia_digital_2024_es.png 1501w\" sizes=\"(max-width: 1024px) 100vw, 1024px\" \/><\/a><\/li>\n<li><a href=\"http:\/\/inestemple.com\/es\/2022\/08\/las-50-mujeres-mas-poderosas-del-peru\/\"><img decoding=\"async\" class=\"alignnone wp-image-19654 size-full\" src=\"https:\/\/inestemple.com\/wp-content\/uploads\/2024\/02\/spanish-banner_new13.webp\" alt=\"Mujeres Poderosas Per\u00fa\" width=\"700\" height=\"260\" srcset=\"https:\/\/inestemple.com\/wp-content\/uploads\/2024\/02\/spanish-banner_new13.webp 700w, https:\/\/inestemple.com\/wp-content\/uploads\/2024\/02\/spanish-banner_new13-300x111.webp 300w, https:\/\/inestemple.com\/wp-content\/uploads\/2024\/02\/spanish-banner_new13-18x7.webp 18w\" sizes=\"(max-width: 700px) 100vw, 700px\" \/><\/a><\/li>\n<li><a href=\"http:\/\/inestemple.com\/es\/2021\/11\/ser-lider-en-tiempos-de-crisis-presentamos-el-top-ceo-digital-peru-2021\"><img decoding=\"async\" class=\"alignnone wp-image-19649 size-full\" src=\"https:\/\/inestemple.com\/wp-content\/uploads\/2024\/02\/spanish-banner_new8.webp\" alt=\"Top CEO Digital Peru\" width=\"700\" height=\"260\" srcset=\"https:\/\/inestemple.com\/wp-content\/uploads\/2024\/02\/spanish-banner_new8.webp 700w, https:\/\/inestemple.com\/wp-content\/uploads\/2024\/02\/spanish-banner_new8-300x111.webp 300w, https:\/\/inestemple.com\/wp-content\/uploads\/2024\/02\/spanish-banner_new8-18x7.webp 18w\" sizes=\"(max-width: 700px) 100vw, 700px\" \/><\/a><\/li>\n<li><a href=\"http:\/\/inestemple.com\/es\/2020\/10\/las-peruanas-bandera-de-la-economia\/\"><img decoding=\"async\" class=\"alignnone wp-image-19651 size-full\" src=\"https:\/\/inestemple.com\/wp-content\/uploads\/2024\/02\/spanish-banner_new10.webp\" alt=\"Lider Empresarial\" width=\"700\" height=\"260\" srcset=\"https:\/\/inestemple.com\/wp-content\/uploads\/2024\/02\/spanish-banner_new10.webp 700w, https:\/\/inestemple.com\/wp-content\/uploads\/2024\/02\/spanish-banner_new10-300x111.webp 300w, https:\/\/inestemple.com\/wp-content\/uploads\/2024\/02\/spanish-banner_new10-18x7.webp 18w\" sizes=\"(max-width: 700px) 100vw, 700px\" \/><\/a><\/li>\n<li><a href=\"https:\/\/inestemple.com\/es\/2023\/03\/ranking-forbes-estas-son-las-10-mujeres-mas-poderosas-de-peru-en-linkedin\/\"><img decoding=\"async\" class=\"alignnone wp-image-19656 size-full\" src=\"https:\/\/inestemple.com\/wp-content\/uploads\/2024\/02\/spanish-banner_new15.webp\" alt=\"Mujeres Poderosas del Per\u00fa\" width=\"700\" height=\"260\" srcset=\"https:\/\/inestemple.com\/wp-content\/uploads\/2024\/02\/spanish-banner_new15.webp 700w, https:\/\/inestemple.com\/wp-content\/uploads\/2024\/02\/spanish-banner_new15-300x111.webp 300w, https:\/\/inestemple.com\/wp-content\/uploads\/2024\/02\/spanish-banner_new15-18x7.webp 18w\" sizes=\"(max-width: 700px) 100vw, 700px\" \/><\/a><\/li>\n<li><a href=\"inestemple.com\/es\/2020\/09\/estos-son-los-ejecutivos-que-lideran-el-ranking-de-influencers-de-recursos-humanos-en-el-pais\/\"><img decoding=\"async\" class=\"alignnone wp-image-19648 size-full\" src=\"https:\/\/inestemple.com\/wp-content\/uploads\/2024\/02\/spanish-banner_new7.webp\" alt=\"Influencers Recursos Humanos\" width=\"700\" height=\"260\" srcset=\"https:\/\/inestemple.com\/wp-content\/uploads\/2024\/02\/spanish-banner_new7.webp 700w, https:\/\/inestemple.com\/wp-content\/uploads\/2024\/02\/spanish-banner_new7-300x111.webp 300w, https:\/\/inestemple.com\/wp-content\/uploads\/2024\/02\/spanish-banner_new7-18x7.webp 18w\" sizes=\"(max-width: 700px) 100vw, 700px\" \/><\/a><\/li>\n<li><a href=\"https:\/\/inestemple.com\/es\/2024\/03\/ines-temple-reconocida-como-4-en-el-ranking-ejecutiva-digital-referentes-2024-de-cafe-taipa\/\"><img decoding=\"async\" src=\"https:\/\/inestemple.com\/wp-content\/uploads\/2024\/10\/banner_13_ranking4_en.png\" alt=\"Top Ejecutiva Digital Peru\" \/><\/a><\/li>\n<li><a href=\"https:\/\/inestemple.com\/es\/2023\/02\/ines-temple-en-el-top-g-ejecutivas-2021\/\"><img decoding=\"async\" class=\"alignnone wp-image-19647 size-full\" src=\"https:\/\/inestemple.com\/wp-content\/uploads\/2024\/02\/spanish-banner_new6.webp\" alt=\"Merco Lideres\" width=\"700\" height=\"260\" srcset=\"https:\/\/inestemple.com\/wp-content\/uploads\/2024\/02\/spanish-banner_new6.webp 700w, https:\/\/inestemple.com\/wp-content\/uploads\/2024\/02\/spanish-banner_new6-300x111.webp 300w, https:\/\/inestemple.com\/wp-content\/uploads\/2024\/02\/spanish-banner_new6-18x7.webp 18w\" sizes=\"(max-width: 700px) 100vw, 700px\" \/><\/a><\/li>\n<li><a href=\"inestemple.com\/es\/2020\/11\/podios-digitales-ines-temple-en-el-top-3-de-perfiles-profesionales-mas-digitales\"><img decoding=\"async\" class=\"alignnone wp-image-19644 size-full\" src=\"https:\/\/inestemple.com\/wp-content\/uploads\/2024\/02\/spanish_banner_new5.webp\" alt=\"Ranking CEO Digital\" width=\"700\" height=\"260\" srcset=\"https:\/\/inestemple.com\/wp-content\/uploads\/2024\/02\/spanish_banner_new5.webp 700w, https:\/\/inestemple.com\/wp-content\/uploads\/2024\/02\/spanish_banner_new5-300x111.webp 300w, https:\/\/inestemple.com\/wp-content\/uploads\/2024\/02\/spanish_banner_new5-18x7.webp 18w\" sizes=\"(max-width: 700px) 100vw, 700px\" \/><\/a><\/li>\n<li><a href=\"inestemple.com\/es\/2021\/12\/reconocimiento-trayectoria-por-el-camhiv-por-women-ceo-peru\/\"><img decoding=\"async\" class=\"alignnone wp-image-19643 size-full\" src=\"https:\/\/inestemple.com\/wp-content\/uploads\/2024\/02\/spanish_banner_new4.webp\" alt=\"Women CEO Peru\" width=\"700\" height=\"260\" srcset=\"https:\/\/inestemple.com\/wp-content\/uploads\/2024\/02\/spanish_banner_new4.webp 700w, https:\/\/inestemple.com\/wp-content\/uploads\/2024\/02\/spanish_banner_new4-300x111.webp 300w, https:\/\/inestemple.com\/wp-content\/uploads\/2024\/02\/spanish_banner_new4-18x7.webp 18w\" sizes=\"(max-width: 700px) 100vw, 700px\" \/><\/a><\/li>\n<li><a href=\"https:\/\/inestemple.com\/es\/2018\/03\/ines-temple-recibio-premio-star-thrower-de-lhh-por-su-contribucion-a-la-comunidad\/\"><img decoding=\"async\" class=\"alignnone wp-image-19641 size-full\" src=\"https:\/\/inestemple.com\/wp-content\/uploads\/2024\/02\/spanish_banner_new2.webp\" alt=\"Star Thrower Award 2018\" width=\"700\" height=\"260\" srcset=\"https:\/\/inestemple.com\/wp-content\/uploads\/2024\/02\/spanish_banner_new2.webp 700w, https:\/\/inestemple.com\/wp-content\/uploads\/2024\/02\/spanish_banner_new2-300x111.webp 300w, https:\/\/inestemple.com\/wp-content\/uploads\/2024\/02\/spanish_banner_new2-18x7.webp 18w\" sizes=\"(max-width: 700px) 100vw, 700px\" \/><\/a><\/li>\n<li><a href=\"https:\/\/inestemple.com\/2023\/12\/ines-temple-en-el-puesto-69-del-top-200-creators-linkedin-hispanic-latin-america-realizado-por-favicon\/\"><img decoding=\"async\" src=\"https:\/\/inestemple.com\/wp-content\/uploads\/2024\/10\/banner_18_top200_en.png\" alt=\"Reconocida en el top 200\" \/><\/a><\/li>\n<\/ul>\n<\/div>\n<\/div>\n<\/section>\n","protected":false},"excerpt":{"rendered":"<p>President of the Board of LHH DBM Per\u00fa and LHH Chile. Also President of The SafeStorage [&hellip;]<\/p>\n","protected":false},"author":10,"featured_media":19553,"parent":0,"menu_order":0,"comment_status":"open","ping_status":"closed","template":"","meta":{"_acf_changed":false,"footnotes":""},"class_list":["post-4019","page","type-page","status-publish","has-post-thumbnail","hentry"],"acf":[],"_links":{"self":[{"href":"https:\/\/inestemple.com\/en\/wp-json\/wp\/v2\/pages\/4019","targetHints":{"allow":["GET"]}}],"collection":[{"href":"https:\/\/inestemple.com\/en\/wp-json\/wp\/v2\/pages"}],"about":[{"href":"https:\/\/inestemple.com\/en\/wp-json\/wp\/v2\/types\/page"}],"author":[{"embeddable":true,"href":"https:\/\/inestemple.com\/en\/wp-json\/wp\/v2\/users\/10"}],"replies":[{"embeddable":true,"href":"https:\/\/inestemple.com\/en\/wp-json\/wp\/v2\/comments?post=4019"}],"version-history":[{"count":112,"href":"https:\/\/inestemple.com\/en\/wp-json\/wp\/v2\/pages\/4019\/revisions"}],"predecessor-version":[{"id":21061,"href":"https:\/\/inestemple.com\/en\/wp-json\/wp\/v2\/pages\/4019\/revisions\/21061"}],"wp:featuredmedia":[{"embeddable":true,"href":"https:\/\/inestemple.com\/en\/wp-json\/wp\/v2\/media\/19553"}],"wp:attachment":[{"href":"https:\/\/inestemple.com\/en\/wp-json\/wp\/v2\/media?parent=4019"}],"curies":[{"name":"wp","href":"https:\/\/api.w.org\/{rel}","templated":true}]}}